{"id":465,"date":"2025-08-24T07:50:00","date_gmt":"2025-08-24T05:50:00","guid":{"rendered":"https:\/\/grb.indevelop.es\/privacy-policy\/"},"modified":"2025-08-28T08:02:24","modified_gmt":"2025-08-28T06:02:24","slug":"politica-de-privacidad","status":"publish","type":"page","link":"https:\/\/greenbunkers.com\/es\/politica-de-privacidad\/","title":{"rendered":"Pol\u00edtica de privacidad"},"content":{"rendered":"\t\t<div data-elementor-type=\"wp-page\" data-elementor-id=\"465\" class=\"elementor elementor-465 elementor-3\" data-elementor-post-type=\"page\">\n\t\t\t\t<div class=\"elementor-element elementor-element-5d172a60 e-flex e-con-boxed e-con e-parent\" data-id=\"5d172a60\" data-element_type=\"container\" data-e-type=\"container\">\n\t\t\t\t\t<div class=\"e-con-inner\">\n\t\t\t\t<div class=\"elementor-element elementor-element-acea348 elementor-widget elementor-widget-heading\" data-id=\"acea348\" data-element_type=\"widget\" data-e-type=\"widget\" data-widget_type=\"heading.default\">\n\t\t\t\t\t<h2 class=\"elementor-heading-title elementor-size-default\">Pol\u00edtica de Privacidad<\/h2>\t\t\t\t<\/div>\n\t\t\t\t<div class=\"elementor-element elementor-element-bfab036 elementor-widget elementor-widget-spacer\" data-id=\"bfab036\" data-element_type=\"widget\" data-e-type=\"widget\" data-widget_type=\"spacer.default\">\n\t\t\t\t\t\t\t<div class=\"elementor-spacer\">\n\t\t\t<div class=\"elementor-spacer-inner\"><\/div>\n\t\t<\/div>\n\t\t\t\t\t\t<\/div>\n\t\t\t\t<div class=\"elementor-element elementor-element-261d857 elementor-widget elementor-widget-text-editor\" data-id=\"261d857\" data-element_type=\"widget\" data-e-type=\"widget\" data-widget_type=\"text-editor.default\">\n\t\t\t\t\t\t\t\t\t<p align=\"justify\">En este sentido, GREEN BUNKERS, S.L., garantiza el cumplimiento de la normativa vigente en materia de protecci\u00f3n de datos personales, reflejada en la Ley Org\u00e1nica 3\/2018, de 5 de diciembre, de Protecci\u00f3n de Datos Personales y garant\u00eda de los derechos digitales.<\/p><p align=\"justify\">Cumple tambi\u00e9n con el Reglamento (UE) 2016\/679 del Parlamento Europeo y del Consejo de 27 de abril de 2016 relativo a la protecci\u00f3n de las personas f\u00edsicas (RGPD).<\/p><p align=\"justify\"><b>Sus Derechos<\/b>: Para ejercitar sus derechos de acceso, rectificaci\u00f3n, cancelaci\u00f3n, portabilidad y oposici\u00f3n deber\u00e1 enviar un correo electr\u00f3nico a\u00a0<span style=\"color: #467886;\"><u><a href=\"mailto:info@greenbunkers.com\">info@greenbunkers.com<\/a><\/u><\/span>, acreditando debidamente su identidad<\/p>\t\t\t\t\t\t\t\t<\/div>\n\t\t\t\t<div class=\"elementor-element elementor-element-0e88224 elementor-widget elementor-widget-text-editor\" data-id=\"0e88224\" data-element_type=\"widget\" data-e-type=\"widget\" data-widget_type=\"text-editor.default\">\n\t\t\t\t\t\t\t\t\t<p align=\"justify\"><b>Finalidad del tratamiento de los datos personales:<\/b><\/p><ul><li><p align=\"justify\">Formularios de Contacto:<span style=\"font-family: Arial, sans-serif;\"> GREEN BUNKERS, S.L. <\/span>solicita informaci<span style=\"font-family: Aptos, sans-serif;\">\u00f3<\/span>n personal entre la que pueden estar: Nombre y apellidos, direcci<span style=\"font-family: Aptos, sans-serif;\">\u00f3<\/span>n de correo electr<span style=\"font-family: Aptos, sans-serif;\">\u00f3<\/span>nico, n<span style=\"font-family: Aptos, sans-serif;\">\u00fa<\/span>mero de tel<span style=\"font-family: Aptos, sans-serif;\">\u00e9<\/span>fono y direcci<span style=\"font-family: Aptos, sans-serif;\">\u00f3<\/span>n de su sitio web con la finalidad de responder a sus consultas. Por ejemplo, GREEN BUNKERS, S.L. utiliza esos datos para dar respuesta a sus mensajes, dudas, quejas, comentarios o inquietudes que pueda tener relativas a la informaci<span style=\"font-family: Aptos, sans-serif;\">\u00f3<\/span>n incluida en el Sitio Web, los servicios que se prestan a trav<span style=\"font-family: Aptos, sans-serif;\">\u00e9<\/span>s del Sitio Web, el tratamiento de sus datos personales, cuestiones referentes a los textos legales incluidos en el sitio Web, as\u00ed como cualquier otra cuesti\u00f3n que pueda tener y que no est\u00e9 sujeta a las condiciones del sitio Web o de la contrataci\u00f3n. Lo anterior, en base al consentimiento libremente otorgado al completar el formulario habilitado.<\/p><\/li><li><p align=\"justify\">Formularios de suscripci\u00f3n a contenidos:<span style=\"font-family: Arial, sans-serif;\"> GREEN BUNKERS, S.L. <\/span>solicita los siguientes datos personales: Nombre y apellidos, direcci<span style=\"font-family: Aptos, sans-serif;\">\u00f3<\/span>n de correo electr<span style=\"font-family: Aptos, sans-serif;\">\u00f3<\/span>nico, n<span style=\"font-family: Aptos, sans-serif;\">\u00fa<\/span>mero de tel<span style=\"font-family: Aptos, sans-serif;\">\u00e9<\/span>fono y direcci<span style=\"font-family: Aptos, sans-serif;\">\u00f3<\/span>n de su sitio web para gestionar la lista de suscripciones, enviar boletines, promociones y ofertas especiales, en base al consentimiento libremente otorgado al completar el formulario habilitado.<\/p><\/li><li><p align=\"justify\">Existen otras finalidades por las que GREEN BUNKERS, S.L. trata tus datos personales:<\/p><\/li><li><p align=\"justify\">Para garantizar el cumplimiento de las condiciones incluidas en el Aviso Legal y en la legislaci\u00f3n aplicable. Esto puede incluir el desarrollo de herramientas y algoritmos que ayuden a este sitio web a garantizar la confidencialidad de los datos personales que recoge, en base al inter\u00e9s leg\u00edtimo de la compa\u00f1\u00eda.\u00a0Para apoyar y mejorar los servicios ofrecidos por este sitio web.<\/p><\/li><\/ul><ul><li><p align=\"justify\">Para analizar la navegaci\u00f3n. GREEN BUNKERS, S.L. recoge otros datos no identificativos que se obtienen mediante el uso de cookies que se descargan en tu ordenador cuando navegas por el sitio Web cuyas caracter\u00edsticas y finalidad est\u00e1n detalladas en la Pol\u00edtica de Cookies. Lo anterior, en base al consentimiento que otorgas al llevar a cabo la aceptaci\u00f3n granular de la instalaci\u00f3n de las cookies.<\/p><\/li><li><p align=\"justify\">Para gestionar las redes sociales. GREEN BUNKERS, S.L. tiene presencia en redes sociales. Si te haces seguidor en las redes sociales de GREEN BUNKERS, S.L., el tratamiento de los datos personales se regir\u00e1 por este apartado, as\u00ed como por aquellas condiciones de uso, pol\u00edticas de privacidad y normativas de acceso que pertenezcan a la red social que resulten de aplicaci\u00f3n en cada caso y que has aceptado previamente.<\/p><\/li><li><p align=\"justify\"><b>Conservaci\u00f3n de datos personales.\u00a0<\/b>Los datos personales proporcionados por los usuarios ser\u00e1n conservados durante el tiempo necesario para cumplir de manera efectiva con las finalidades anteriormente indicadas. En particular, GREEN BUNKERS, S.L., conservar\u00e1 los datos personales remitidos por los usuarios mientras resulten necesarios para atender las consultas y estos no hubiesen retirado su consentimiento o ejercido sus derechos. Asimismo, los datos de clientes se conservar\u00e1n durante la vigencia de la relaci\u00f3n y, a su finalizaci\u00f3n, por los plazos legales previstos en que pudieran derivarse responsabilidades para las partes.<\/p><\/li><li><p align=\"justify\"><b>Destinatarios de los datos personales y transferencias internacionales de datos.\u00a0<\/b>Sus datos \u00fanicamente ser\u00e1n comunicados en la medida en que dicha comunicaci\u00f3n sea necesaria u obligatoria de acuerdo con la legislaci\u00f3n vigente.<\/p><\/li><\/ul><p align=\"justify\">\u00a0<\/p>\t\t\t\t\t\t\t\t<\/div>\n\t\t\t\t\t<\/div>\n\t\t\t\t<\/div>\n\t\t<div class=\"elementor-element elementor-element-f4fd275 e-flex e-con-boxed e-con e-parent\" data-id=\"f4fd275\" data-element_type=\"container\" data-e-type=\"container\">\n\t\t\t\t\t<div class=\"e-con-inner\">\n\t\t\t\t\t<\/div>\n\t\t\t\t<\/div>\n\t\t\t\t<\/div>\n\t\t","protected":false},"excerpt":{"rendered":"<p>Pol\u00edtica de Privacidad En este sentido, GREEN BUNKERS, S.L., garantiza el cumplimiento de la normativa vigente en materia de protecci\u00f3n de datos personales, reflejada en la Ley Org\u00e1nica 3\/2018, de 5 de diciembre, de Protecci\u00f3n de Datos Personales y garant\u00eda de los derechos digitales. Cumple tambi\u00e9n con el Reglamento (UE) 2016\/679 del Parlamento Europeo y [&hellip;]<\/p>\n","protected":false},"author":1,"featured_media":0,"parent":0,"menu_order":0,"comment_status":"closed","ping_status":"open","template":"","meta":{"footnotes":""},"class_list":["post-465","page","type-page","status-publish","hentry"],"_links":{"self":[{"href":"https:\/\/greenbunkers.com\/es\/wp-json\/wp\/v2\/pages\/465","targetHints":{"allow":["GET"]}}],"collection":[{"href":"https:\/\/greenbunkers.com\/es\/wp-json\/wp\/v2\/pages"}],"about":[{"href":"https:\/\/greenbunkers.com\/es\/wp-json\/wp\/v2\/types\/page"}],"author":[{"embeddable":true,"href":"https:\/\/greenbunkers.com\/es\/wp-json\/wp\/v2\/users\/1"}],"replies":[{"embeddable":true,"href":"https:\/\/greenbunkers.com\/es\/wp-json\/wp\/v2\/comments?post=465"}],"version-history":[{"count":11,"href":"https:\/\/greenbunkers.com\/es\/wp-json\/wp\/v2\/pages\/465\/revisions"}],"predecessor-version":[{"id":488,"href":"https:\/\/greenbunkers.com\/es\/wp-json\/wp\/v2\/pages\/465\/revisions\/488"}],"wp:attachment":[{"href":"https:\/\/greenbunkers.com\/es\/wp-json\/wp\/v2\/media?parent=465"}],"curies":[{"name":"wp","href":"https:\/\/api.w.org\/{rel}","templated":true}]}}