{"id":508,"date":"2025-08-28T08:08:43","date_gmt":"2025-08-28T06:08:43","guid":{"rendered":"https:\/\/grb.indevelop.es\/cookies-policy\/"},"modified":"2025-08-28T08:14:56","modified_gmt":"2025-08-28T06:14:56","slug":"cookies-policy","status":"publish","type":"page","link":"https:\/\/greenbunkers.com\/es\/cookies-policy\/","title":{"rendered":"Pol\u00edtica de cookies"},"content":{"rendered":"\t\t<div data-elementor-type=\"wp-page\" data-elementor-id=\"508\" class=\"elementor elementor-508 elementor-498\" data-elementor-post-type=\"page\">\n\t\t\t\t<div class=\"elementor-element elementor-element-a1836ee e-flex e-con-boxed e-con e-parent\" data-id=\"a1836ee\" data-element_type=\"container\" data-e-type=\"container\">\n\t\t\t\t\t<div class=\"e-con-inner\">\n\t\t\t\t<div class=\"elementor-element elementor-element-32c7e9b elementor-widget elementor-widget-heading\" data-id=\"32c7e9b\" data-element_type=\"widget\" data-e-type=\"widget\" data-widget_type=\"heading.default\">\n\t\t\t\t\t<h2 class=\"elementor-heading-title elementor-size-default\">Pol\u00edtica de Cookies<\/h2>\t\t\t\t<\/div>\n\t\t\t\t<div class=\"elementor-element elementor-element-e6e4067 elementor-widget elementor-widget-spacer\" data-id=\"e6e4067\" data-element_type=\"widget\" data-e-type=\"widget\" data-widget_type=\"spacer.default\">\n\t\t\t\t\t\t\t<div class=\"elementor-spacer\">\n\t\t\t<div class=\"elementor-spacer-inner\"><\/div>\n\t\t<\/div>\n\t\t\t\t\t\t<\/div>\n\t\t\t\t<div class=\"elementor-element elementor-element-ea0c897 elementor-widget elementor-widget-text-editor\" data-id=\"ea0c897\" data-element_type=\"widget\" data-e-type=\"widget\" data-widget_type=\"text-editor.default\">\n\t\t\t\t\t\t\t\t\t<p align=\"justify\">En cumplimiento con lo dispuesto en el art\u00edculo 22.2 de la Ley 34\/2002, de 11 de julio, de Servicios de la Sociedad de la Informaci\u00f3n y de Comercio Electr\u00f3nico, esta p\u00e1gina web le informa, en esta secci\u00f3n, sobre la\u00a0pol\u00edtica de recogida y tratamiento de cookies.<\/p><p align=\"justify\"><strong>\u00bfQU\u00c9 SON LAS COOKIES?<\/strong><\/p><p align=\"justify\">Una cookie es un fichero que se descarga en su ordenador al\u00a0acceder a determinadas p\u00e1ginas web. Las cookies permiten a una p\u00e1gina web,\u00a0entre otras cosas, almacenar y recuperar informaci\u00f3n sobre los h\u00e1bitos de\u00a0navegaci\u00f3n de un usuario o de su equipo y, dependiendo de la informaci\u00f3n que\u00a0contengan y de la forma en que utilice su equipo, pueden utilizarse para\u00a0reconocer al usuario.<\/p><p align=\"justify\">\u00a0<strong>\u00bfQU\u00c9 TIPOS DE COOKIES UTILIZA ESTA P\u00c1GINA WEB?<\/strong><\/p><p align=\"justify\">Esta p\u00e1gina web utiliza los siguientes tipos de cookies:<\/p><p align=\"justify\">Cookies de an\u00e1lisis:\u00a0Son aqu\u00e9llas que bien tratadas por nosotros o por\u00a0terceros, nos permiten cuantificar el n\u00famero de usuarios y as\u00ed realizar la\u00a0medici\u00f3n y an\u00e1lisis estad\u00edstico de la utilizaci\u00f3n que hacen los usuarios del\u00a0servicio ofertado. Para ello se analiza su navegaci\u00f3n en nuestra p\u00e1gina web\u00a0con el fin de mejorar la oferta de productos o servicios que le ofrecemos.<\/p><p align=\"justify\">Cookies t\u00e9cnicas:\u00a0Son aquellas que permiten al usuario la navegaci\u00f3n a trav\u00e9s del \u00e1rea restringida y la utilizaci\u00f3n de sus diferentes funciones como, por ejemplo, llevar a cambio el proceso de compra de un art\u00edculo.<\/p><p align=\"justify\">Cookies de personalizaci\u00f3n:\u00a0Son aquellas que permiten al usuario acceder al servicio con algunas caracter\u00edsticas de car\u00e1cter general predefinidas en funci\u00f3n de una serie de criterios en el terminal del usuario como, por ejemplo, el idioma o el tipo de navegador a trav\u00e9s del cual se conecta al servicio.<\/p><p align=\"justify\">Cookies publicitarias:\u00a0Son aqu\u00e9llas que, bien tratadas por esta web\u00a0o por\u00a0terceros, permiten gestionar de la forma m\u00e1s eficaz posible la oferta de\u00a0los espacios publicitarios que hay en la p\u00e1gina web, adecuando el contenido\u00a0del anuncio al contenido del servicio solicitado o al uso que realice de nuestra\u00a0p\u00e1gina web. Para ello podemos analizar sus h\u00e1bitos de navegaci\u00f3n en Internet\u00a0y podemos mostrarle publicidad relacionada con su perfil de navegaci\u00f3n.<\/p><p align=\"justify\">Cookies de publicidad comportamental:\u00a0Son aquellas que permiten la gesti\u00f3n, de la forma m\u00e1s eficaz posible, de los espacios publicitarios que, en su caso, el editor haya incluido en una p\u00e1gina web, aplicaci\u00f3n o plataforma desde la que presta el servicio solicitado. Este tipo de cookies almacenan informaci\u00f3n del comportamiento de los visitantes\u00a0obtenida a trav\u00e9s de la observaci\u00f3n continuada de sus h\u00e1bitos de navegaci\u00f3n, lo que permite desarrollar un perfil espec\u00edfico para mostrar avisos publicitarios\u00a0en funci\u00f3n del mismo.<\/p><p align=\"justify\"><b>DESACTIVAR LAS COOKIES.<\/b><\/p><p align=\"justify\">Puede usted\u00a0permitir, bloquear o eliminar las cookies\u00a0instaladas en su equipo\u00a0mediante la configuraci\u00f3n de las opciones del navegador instalado en su\u00a0ordenador.<\/p><p align=\"justify\">En la mayor\u00eda de los navegadores web se ofrece la posibilidad de permitir, bloquear o eliminar las cookies instaladas en su equipo.<\/p><p align=\"justify\"><b>COOKIES DE TERCEROS.<\/b><\/p><p align=\"justify\">Esta p\u00e1gina web utiliza\u00a0servicios de terceros para recopilar informaci\u00f3n con fines estad\u00edsticos y de uso de la web.<\/p><p align=\"justify\">En concreto, usamos los servicios de Google Adsense y de Google Analytics para nuestras estad\u00edsticas y publicidad. Algunas cookies son esenciales para el funcionamiento del sitio.<\/p><p align=\"justify\">Nuestro sitio incluye otras funcionalidades proporcionadas por terceros. Usted puede f\u00e1cilmente compartir el contenido en redes sociales como Facebook, Twitter, Google + u otras redes sociales con los botones que se incluyen a tal efecto.<\/p><p align=\"justify\"><b>\u00a0ADVERTENCIA SOBRE ELIMINAR\u00a0COOKIES.<\/b><\/p><p align=\"justify\">Usted puede eliminar y bloquear todas las cookies de este sitio, pero parte del sitio no funcionar\u00e1 o la calidad de la p\u00e1gina web puede verse afectada.<\/p><p align=\"justify\">Si tiene cualquier duda acerca de nuestra pol\u00edtica de cookies, puede contactar con esta p\u00e1gina web a trav\u00e9s de nuestra direcci\u00f3n de correo electr\u00f3nico info@greenbunkers.com.<\/p><p align=\"justify\">Dispone de m\u00e1s informaci\u00f3n sobre el uso de cookies en el siguiente enlace<br \/><span style=\"color: #467886;\"><u><a href=\"http:\/\/www.agpd.es\/portalwebAGPD\/canaldocumentacion\/publicaciones\/common\/Guias\/Guia_Cookies.pdf\" target=\"_blank\" rel=\"noopener\">http:\/\/www.agpd.es\/portalwebAGPD\/canaldocumentacion\/publicaciones\/common\/Guias\/Guia_Cookies.pdf<\/a><\/u><\/span><\/p><p align=\"justify\">\u00a0<\/p>\t\t\t\t\t\t\t\t<\/div>\n\t\t\t\t\t<\/div>\n\t\t\t\t<\/div>\n\t\t\t\t<\/div>\n\t\t","protected":false},"excerpt":{"rendered":"<p>Pol\u00edtica de Cookies En cumplimiento con lo dispuesto en el art\u00edculo 22.2 de la Ley 34\/2002, de 11 de julio, de Servicios de la Sociedad de la Informaci\u00f3n y de Comercio Electr\u00f3nico, esta p\u00e1gina web le informa, en esta secci\u00f3n, sobre la\u00a0pol\u00edtica de recogida y tratamiento de cookies. \u00bfQU\u00c9 SON LAS COOKIES? Una cookie es [&hellip;]<\/p>\n","protected":false},"author":1,"featured_media":0,"parent":0,"menu_order":0,"comment_status":"closed","ping_status":"closed","template":"","meta":{"footnotes":""},"class_list":["post-508","page","type-page","status-publish","hentry"],"_links":{"self":[{"href":"https:\/\/greenbunkers.com\/es\/wp-json\/wp\/v2\/pages\/508","targetHints":{"allow":["GET"]}}],"collection":[{"href":"https:\/\/greenbunkers.com\/es\/wp-json\/wp\/v2\/pages"}],"about":[{"href":"https:\/\/greenbunkers.com\/es\/wp-json\/wp\/v2\/types\/page"}],"author":[{"embeddable":true,"href":"https:\/\/greenbunkers.com\/es\/wp-json\/wp\/v2\/users\/1"}],"replies":[{"embeddable":true,"href":"https:\/\/greenbunkers.com\/es\/wp-json\/wp\/v2\/comments?post=508"}],"version-history":[{"count":4,"href":"https:\/\/greenbunkers.com\/es\/wp-json\/wp\/v2\/pages\/508\/revisions"}],"predecessor-version":[{"id":512,"href":"https:\/\/greenbunkers.com\/es\/wp-json\/wp\/v2\/pages\/508\/revisions\/512"}],"wp:attachment":[{"href":"https:\/\/greenbunkers.com\/es\/wp-json\/wp\/v2\/media?parent=508"}],"curies":[{"name":"wp","href":"https:\/\/api.w.org\/{rel}","templated":true}]}}